{"id":6204,"date":"2024-07-15T15:06:02","date_gmt":"2024-07-15T15:06:02","guid":{"rendered":"https:\/\/polishproperties.com.pl\/?page_id=6204"},"modified":"2024-09-24T14:40:21","modified_gmt":"2024-09-24T14:40:21","slug":"thank-you","status":"publish","type":"page","link":"https:\/\/polishproperties.com.pl\/pl\/thank-you\/","title":{"rendered":"Dzi\u0119kuj\u0119"},"content":{"rendered":"<div data-elementor-type=\"wp-page\" data-elementor-id=\"6204\" class=\"elementor elementor-6204\">\n\t\t\t\t\t\t<div class=\"elementor-inner\">\n\t\t\t\t<div class=\"elementor-section-wrap\">\n\t\t\t\t\t\t\t\t\t<section class=\"elementor-section elementor-top-section elementor-element elementor-element-7b517db elementor-section-height-full elementor-section-boxed elementor-section-height-default elementor-section-items-middle\" data-id=\"7b517db\" data-element_type=\"section\" data-settings=\"{&quot;background_background&quot;:&quot;classic&quot;}\">\n\t\t\t\t\t\t<div class=\"elementor-container elementor-column-gap-default\">\n\t\t\t\t\t\t\t<div class=\"elementor-row\">\n\t\t\t\t\t<div class=\"elementor-column elementor-col-100 elementor-top-column elementor-element elementor-element-82e27a4\" data-id=\"82e27a4\" data-element_type=\"column\">\n\t\t\t<div class=\"elementor-column-wrap elementor-element-populated\">\n\t\t\t\t\t\t\t<div class=\"elementor-widget-wrap\">\n\t\t\t\t\t\t<div class=\"elementor-element elementor-element-886b152 elementor-widget elementor-widget-spacer\" data-id=\"886b152\" data-element_type=\"widget\" data-widget_type=\"spacer.default\">\n\t\t\t\t<div class=\"elementor-widget-container\">\n\t\t\t\t\t<div class=\"elementor-spacer\">\n\t\t\t<div class=\"elementor-spacer-inner\"><\/div>\n\t\t<\/div>\n\t\t\t\t<\/div>\n\t\t\t\t<\/div>\n\t\t\t\t<div class=\"elementor-element elementor-element-bdeba18 elementor-widget elementor-widget-heading\" data-id=\"bdeba18\" data-element_type=\"widget\" data-widget_type=\"heading.default\">\n\t\t\t\t<div class=\"elementor-widget-container\">\n\t\t\t<h2 class=\"elementor-heading-title elementor-size-default\">Dzi\u0119kujemy!\n<\/h2>\t\t<\/div>\n\t\t\t\t<\/div>\n\t\t\t\t<div class=\"elementor-element elementor-element-ca90720 elementor-widget elementor-widget-text-editor\" data-id=\"ca90720\" data-element_type=\"widget\" data-widget_type=\"text-editor.default\">\n\t\t\t\t<div class=\"elementor-widget-container\">\n\t\t\t\t\t\t\t\t<div class=\"elementor-text-editor elementor-clearfix\">\n\t\t\t\t<p>Twoje zg\u0142oszenie zosta\u0142o pomy\u015blnie odebrane i zostanie obs\u0142u\u017cone przez nasz zesp\u00f3\u0142 tak szybko, jak to mo\u017cliwe.<\/p>\t\t\t\t\t<\/div>\n\t\t\t\t\t\t<\/div>\n\t\t\t\t<\/div>\n\t\t\t\t<div class=\"elementor-element elementor-element-1b289af elementor-button-info elementor-align-center elementor-widget elementor-widget-button\" data-id=\"1b289af\" data-element_type=\"widget\" data-widget_type=\"button.default\">\n\t\t\t\t<div class=\"elementor-widget-container\">\n\t\t\t\t\t<div class=\"elementor-button-wrapper\">\n\t\t\t<a href=\"https:\/\/polishproperties.com.pl\/pl\/\" class=\"elementor-button-link elementor-button elementor-size-sm\" role=\"button\">\n\t\t\t\t\t\t<span class=\"elementor-button-content-wrapper\">\n\t\t\t\t\t\t<span class=\"elementor-button-text\">WR\u00d3\u0106 DO STRONY G\u0141\u00d3WNEJ<\/span>\n\t\t<\/span>\n\t\t\t\t\t<\/a>\n\t\t<\/div>\n\t\t\t\t<\/div>\n\t\t\t\t<\/div>\n\t\t\t\t<div class=\"elementor-element elementor-element-6e9a1d6 elementor-widget elementor-widget-image\" data-id=\"6e9a1d6\" data-element_type=\"widget\" data-widget_type=\"image.default\">\n\t\t\t\t<div class=\"elementor-widget-container\">\n\t\t\t\t\t\t\t\t<div class=\"elementor-image\">\n\t\t\t\t\t\t\t\t\t\t\t\t<img loading=\"lazy\" decoding=\"async\" width=\"800\" height=\"336\" src=\"https:\/\/polishproperties.com.pl\/wp-content\/uploads\/2022\/05\/cropped-Logo_RINA-Prime-Polish-Properties-03-1024x430.png\" class=\"attachment-large size-large wp-image-6852\" alt=\"\" srcset=\"https:\/\/polishproperties.com.pl\/wp-content\/uploads\/2022\/05\/cropped-Logo_RINA-Prime-Polish-Properties-03-1024x430.png 1024w, https:\/\/polishproperties.com.pl\/wp-content\/uploads\/2022\/05\/cropped-Logo_RINA-Prime-Polish-Properties-03-300x126.png 300w, https:\/\/polishproperties.com.pl\/wp-content\/uploads\/2022\/05\/cropped-Logo_RINA-Prime-Polish-Properties-03-768x322.png 768w, https:\/\/polishproperties.com.pl\/wp-content\/uploads\/2022\/05\/cropped-Logo_RINA-Prime-Polish-Properties-03-1536x645.png 1536w, https:\/\/polishproperties.com.pl\/wp-content\/uploads\/2022\/05\/cropped-Logo_RINA-Prime-Polish-Properties-03.png 1608w\" sizes=\"auto, (max-width: 800px) 100vw, 800px\" \/>\t\t\t\t\t\t\t\t\t\t\t\t\t\t<\/div>\n\t\t\t\t\t\t<\/div>\n\t\t\t\t<\/div>\n\t\t\t\t\t\t<\/div>\n\t\t\t\t\t<\/div>\n\t\t<\/div>\n\t\t\t\t\t\t\t\t<\/div>\n\t\t\t\t\t<\/div>\n\t\t<\/section>\n\t\t\t\t\t\t\t\t\t<\/div>\n\t\t\t<\/div>\n\t\t\t\t\t<\/div>","protected":false},"excerpt":{"rendered":"<p>Dzi\u0119kujemy! Twoja pro\u015bba zosta\u0142a pomy\u015blnie odebrana i zostanie rozpatrzona przez nasz zesp\u00f3\u0142 tak szybko, jak to mo\u017cliwe. POWR\u00d3T DO DOMU<\/p>","protected":false},"author":1,"featured_media":0,"parent":0,"menu_order":0,"comment_status":"closed","ping_status":"closed","template":"elementor_canvas","meta":{"footnotes":""},"class_list":["post-6204","page","type-page","status-publish","hentry"],"yoast_head":"<!-- This site is optimized with the Yoast SEO plugin v23.0 - https:\/\/yoast.com\/wordpress\/plugins\/seo\/ -->\n<title>Thank you - Polish Properties<\/title>\n<meta name=\"robots\" content=\"index, follow, max-snippet:-1, max-image-preview:large, max-video-preview:-1\" \/>\n<link rel=\"canonical\" href=\"https:\/\/polishproperties.com.pl\/pl\/thank-you\/\" \/>\n<meta property=\"og:locale\" content=\"pl_PL\" \/>\n<meta property=\"og:type\" content=\"article\" \/>\n<meta property=\"og:title\" content=\"Thank you - Polish Properties\" \/>\n<meta property=\"og:description\" content=\"Thank you! Your request was successfully received and will be handled by our team as soon as possible. BACK TO HOME\" \/>\n<meta property=\"og:url\" content=\"https:\/\/polishproperties.com.pl\/pl\/thank-you\/\" \/>\n<meta property=\"og:site_name\" content=\"Polish Properties\" \/>\n<meta property=\"article:modified_time\" content=\"2024-09-24T14:40:21+00:00\" \/>\n<meta property=\"og:image\" content=\"https:\/\/polishproperties.com.pl\/wp-content\/uploads\/2022\/05\/cropped-Logo_RINA-Prime-Polish-Properties-03-1024x430.png\" \/>\n<meta name=\"twitter:card\" content=\"summary_large_image\" \/>\n<meta name=\"twitter:label1\" content=\"Szacowany czas czytania\" \/>\n\t<meta name=\"twitter:data1\" content=\"1 minuta\" \/>\n<script type=\"application\/ld+json\" class=\"yoast-schema-graph\">{\"@context\":\"https:\/\/schema.org\",\"@graph\":[{\"@type\":\"WebPage\",\"@id\":\"https:\/\/polishproperties.com.pl\/thank-you\/\",\"url\":\"https:\/\/polishproperties.com.pl\/thank-you\/\",\"name\":\"Thank you - Polish Properties\",\"isPartOf\":{\"@id\":\"https:\/\/polishproperties.com.pl\/#website\"},\"primaryImageOfPage\":{\"@id\":\"https:\/\/polishproperties.com.pl\/thank-you\/#primaryimage\"},\"image\":{\"@id\":\"https:\/\/polishproperties.com.pl\/thank-you\/#primaryimage\"},\"thumbnailUrl\":\"https:\/\/polishproperties.com.pl\/wp-content\/uploads\/2022\/05\/cropped-Logo_RINA-Prime-Polish-Properties-03-1024x430.png\",\"datePublished\":\"2024-07-15T15:06:02+00:00\",\"dateModified\":\"2024-09-24T14:40:21+00:00\",\"breadcrumb\":{\"@id\":\"https:\/\/polishproperties.com.pl\/thank-you\/#breadcrumb\"},\"inLanguage\":\"pl-PL\",\"potentialAction\":[{\"@type\":\"ReadAction\",\"target\":[\"https:\/\/polishproperties.com.pl\/thank-you\/\"]}]},{\"@type\":\"ImageObject\",\"inLanguage\":\"pl-PL\",\"@id\":\"https:\/\/polishproperties.com.pl\/thank-you\/#primaryimage\",\"url\":\"https:\/\/polishproperties.com.pl\/wp-content\/uploads\/2022\/05\/cropped-Logo_RINA-Prime-Polish-Properties-03-1024x430.png\",\"contentUrl\":\"https:\/\/polishproperties.com.pl\/wp-content\/uploads\/2022\/05\/cropped-Logo_RINA-Prime-Polish-Properties-03-1024x430.png\"},{\"@type\":\"BreadcrumbList\",\"@id\":\"https:\/\/polishproperties.com.pl\/thank-you\/#breadcrumb\",\"itemListElement\":[{\"@type\":\"ListItem\",\"position\":1,\"name\":\"Home\",\"item\":\"https:\/\/polishproperties.com.pl\/\"},{\"@type\":\"ListItem\",\"position\":2,\"name\":\"Thank you\"}]},{\"@type\":\"WebSite\",\"@id\":\"https:\/\/polishproperties.com.pl\/#website\",\"url\":\"https:\/\/polishproperties.com.pl\/\",\"name\":\"Polish Properties\",\"description\":\"RINA Prime Value Services working in Poland as Polish Properties\",\"publisher\":{\"@id\":\"https:\/\/polishproperties.com.pl\/#organization\"},\"potentialAction\":[{\"@type\":\"SearchAction\",\"target\":{\"@type\":\"EntryPoint\",\"urlTemplate\":\"https:\/\/polishproperties.com.pl\/?s={search_term_string}\"},\"query-input\":\"required name=search_term_string\"}],\"inLanguage\":\"pl-PL\"},{\"@type\":\"Organization\",\"@id\":\"https:\/\/polishproperties.com.pl\/#organization\",\"name\":\"Polish Properties\",\"url\":\"https:\/\/polishproperties.com.pl\/\",\"logo\":{\"@type\":\"ImageObject\",\"inLanguage\":\"pl-PL\",\"@id\":\"https:\/\/polishproperties.com.pl\/#\/schema\/logo\/image\/\",\"url\":\"https:\/\/polishproperties.com.pl\/wp-content\/uploads\/2022\/05\/cropped-Logo_RINA-Prime-Polish-Properties-03.png\",\"contentUrl\":\"https:\/\/polishproperties.com.pl\/wp-content\/uploads\/2022\/05\/cropped-Logo_RINA-Prime-Polish-Properties-03.png\",\"width\":1608,\"height\":675,\"caption\":\"Polish Properties\"},\"image\":{\"@id\":\"https:\/\/polishproperties.com.pl\/#\/schema\/logo\/image\/\"}}]}<\/script>\n<!-- \/ Yoast SEO plugin. -->","yoast_head_json":{"title":"Thank you - Polish Properties","robots":{"index":"index","follow":"follow","max-snippet":"max-snippet:-1","max-image-preview":"max-image-preview:large","max-video-preview":"max-video-preview:-1"},"canonical":"https:\/\/polishproperties.com.pl\/pl\/thank-you\/","og_locale":"pl_PL","og_type":"article","og_title":"Thank you - Polish Properties","og_description":"Thank you! Your request was successfully received and will be handled by our team as soon as possible. BACK TO HOME","og_url":"https:\/\/polishproperties.com.pl\/pl\/thank-you\/","og_site_name":"Polish Properties","article_modified_time":"2024-09-24T14:40:21+00:00","og_image":[{"url":"https:\/\/polishproperties.com.pl\/wp-content\/uploads\/2022\/05\/cropped-Logo_RINA-Prime-Polish-Properties-03-1024x430.png"}],"twitter_card":"summary_large_image","twitter_misc":{"Szacowany czas czytania":"1 minuta"},"schema":{"@context":"https:\/\/schema.org","@graph":[{"@type":"WebPage","@id":"https:\/\/polishproperties.com.pl\/thank-you\/","url":"https:\/\/polishproperties.com.pl\/thank-you\/","name":"Thank you - Polish Properties","isPartOf":{"@id":"https:\/\/polishproperties.com.pl\/#website"},"primaryImageOfPage":{"@id":"https:\/\/polishproperties.com.pl\/thank-you\/#primaryimage"},"image":{"@id":"https:\/\/polishproperties.com.pl\/thank-you\/#primaryimage"},"thumbnailUrl":"https:\/\/polishproperties.com.pl\/wp-content\/uploads\/2022\/05\/cropped-Logo_RINA-Prime-Polish-Properties-03-1024x430.png","datePublished":"2024-07-15T15:06:02+00:00","dateModified":"2024-09-24T14:40:21+00:00","breadcrumb":{"@id":"https:\/\/polishproperties.com.pl\/thank-you\/#breadcrumb"},"inLanguage":"pl-PL","potentialAction":[{"@type":"ReadAction","target":["https:\/\/polishproperties.com.pl\/thank-you\/"]}]},{"@type":"ImageObject","inLanguage":"pl-PL","@id":"https:\/\/polishproperties.com.pl\/thank-you\/#primaryimage","url":"https:\/\/polishproperties.com.pl\/wp-content\/uploads\/2022\/05\/cropped-Logo_RINA-Prime-Polish-Properties-03-1024x430.png","contentUrl":"https:\/\/polishproperties.com.pl\/wp-content\/uploads\/2022\/05\/cropped-Logo_RINA-Prime-Polish-Properties-03-1024x430.png"},{"@type":"BreadcrumbList","@id":"https:\/\/polishproperties.com.pl\/thank-you\/#breadcrumb","itemListElement":[{"@type":"ListItem","position":1,"name":"Home","item":"https:\/\/polishproperties.com.pl\/"},{"@type":"ListItem","position":2,"name":"Thank you"}]},{"@type":"WebSite","@id":"https:\/\/polishproperties.com.pl\/#website","url":"https:\/\/polishproperties.com.pl\/","name":"Polish Properties","description":"RINA Prime Value Services working in Poland as Polish Properties","publisher":{"@id":"https:\/\/polishproperties.com.pl\/#organization"},"potentialAction":[{"@type":"SearchAction","target":{"@type":"EntryPoint","urlTemplate":"https:\/\/polishproperties.com.pl\/?s={search_term_string}"},"query-input":"required name=search_term_string"}],"inLanguage":"pl-PL"},{"@type":"Organization","@id":"https:\/\/polishproperties.com.pl\/#organization","name":"Polish Properties","url":"https:\/\/polishproperties.com.pl\/","logo":{"@type":"ImageObject","inLanguage":"pl-PL","@id":"https:\/\/polishproperties.com.pl\/#\/schema\/logo\/image\/","url":"https:\/\/polishproperties.com.pl\/wp-content\/uploads\/2022\/05\/cropped-Logo_RINA-Prime-Polish-Properties-03.png","contentUrl":"https:\/\/polishproperties.com.pl\/wp-content\/uploads\/2022\/05\/cropped-Logo_RINA-Prime-Polish-Properties-03.png","width":1608,"height":675,"caption":"Polish Properties"},"image":{"@id":"https:\/\/polishproperties.com.pl\/#\/schema\/logo\/image\/"}}]}},"_links":{"self":[{"href":"https:\/\/polishproperties.com.pl\/pl\/wp-json\/wp\/v2\/pages\/6204","targetHints":{"allow":["GET"]}}],"collection":[{"href":"https:\/\/polishproperties.com.pl\/pl\/wp-json\/wp\/v2\/pages"}],"about":[{"href":"https:\/\/polishproperties.com.pl\/pl\/wp-json\/wp\/v2\/types\/page"}],"author":[{"embeddable":true,"href":"https:\/\/polishproperties.com.pl\/pl\/wp-json\/wp\/v2\/users\/1"}],"replies":[{"embeddable":true,"href":"https:\/\/polishproperties.com.pl\/pl\/wp-json\/wp\/v2\/comments?post=6204"}],"version-history":[{"count":23,"href":"https:\/\/polishproperties.com.pl\/pl\/wp-json\/wp\/v2\/pages\/6204\/revisions"}],"predecessor-version":[{"id":7171,"href":"https:\/\/polishproperties.com.pl\/pl\/wp-json\/wp\/v2\/pages\/6204\/revisions\/7171"}],"wp:attachment":[{"href":"https:\/\/polishproperties.com.pl\/pl\/wp-json\/wp\/v2\/media?parent=6204"}],"curies":[{"name":"wp","href":"https:\/\/api.w.org\/{rel}","templated":true}]}}